{"id":8442,"date":"2018-01-24T22:33:33","date_gmt":"2018-01-24T21:33:33","guid":{"rendered":"http:\/\/www.franckmerlin.fr\/?page_id=8442"},"modified":"2024-03-03T11:31:20","modified_gmt":"2024-03-03T10:31:20","slug":"ma-prestation","status":"publish","type":"page","link":"https:\/\/www.franckmerlin.fr\/en\/ma-prestation\/","title":{"rendered":"Ma prestation de mariage"},"content":{"rendered":"<h1>Les grands moments<\/h1>\n<p style=\"text-align: justify;\">Avant le mariage, je vous propose de r\u00e9aliser ensemble une s\u00e9ance d\u00e9tendue pour apprendre \u00e0 se conna\u00eetre. Elle peut \u00eatre orient\u00e9e sur diff\u00e9rents th\u00e8mes tels que le glamour, l&rsquo;humour, l&rsquo;ambiance d\u00e9cal\u00e9e ou vintage.<br \/>\nL&rsquo;enterrement de vie fait partie des coutumes. Je ne manquerai pas d&rsquo;immortaliser ce moment de d\u00e9tente et d&rsquo;amusement.<br \/>\nUn incontournable des souvenirs sont les photographies de couple. Intimes et m\u00e9morables, ces images sont une source s\u00fbre pour garder en m\u00e9moire la sinc\u00e9rit\u00e9 du moment. Elles peuvent \u00eatre r\u00e9alis\u00e9es avant, le matin m\u00eame ou apr\u00e8s le jour du mariage. Plus d\u00e9tendu et moins de stress, l&rsquo;id\u00e9al est de r\u00e9aliser ces prises de vue apr\u00e8s le mariage.<\/p>\n<p><img loading=\"lazy\" decoding=\"async\" src=\"http:\/\/www.franckmerlin.fr\/wp-content\/uploads\/2015\/12\/book24__traits-1024x772.png\" alt=\"photos mariages\" width=\"640\" height=\"483\" class=\"aligncenter size-large wp-image-1310\"><\/p>\n<p style=\"text-align: justify;\">Le grand jour est arriv\u00e9. Tout le monde vous dit que la journ\u00e9e va passer trop vite. C&rsquo;est pourquoi chaque moment est important. Des pr\u00e9paratifs \u00e0 la soir\u00e9e, je vous sugg\u00e8re des s\u00e9ances lors du passage chez le coiffeur, chez l&rsquo;esth\u00e9ticienne pour le maquillage, lors de l&rsquo;habillement, mais \u00e9galement les c\u00e9r\u00e9monies civile et\/ou religieuse, suivies du vin d&rsquo;honneur, des fameuses photos de groupe, pour finir avec la soir\u00e9e et le bal ouvert par les mari\u00e9s.<br \/>\nIl peut \u00eatre r\u00e9alis\u00e9 les jours suivants, une s\u00e9ance fun appel\u00e9e \u00ab\u00a0trash the dress\u00a0\u00bb qui consiste \u00e0 faire des clich\u00e9s les plus impossibles et dingues sans avoir \u00e0 se soucier de sa tenue. Sauter dans l&rsquo;eau ou souffler un nuage de poudres multicolores, seule votre imagination a ses limites.<\/p>\n<p style=\"text-align: justify;\">N&rsquo;h\u00e9sitez pas \u00e0 me faire part de toutes vos demandes les plus originales et vari\u00e9es, et je me ferai une joie de r\u00e9pondre \u00e0 tout ce qui vous ferait plaisir.<\/p>\n<h1>Vos souvenirs<\/h1>\n<p style=\"text-align: justify;\">Le choix des supports est tr\u00e8s important. Que ce soit un album traditionnel, un book num\u00e9rique, une image sur un papier de qualit\u00e9 ou un support informatique, chaque solution a son int\u00e9r\u00eat. Pensez \u00e0 la fa\u00e7on dont vous partagerez vos souvenirs avec vos proches.<br \/>\nJe r\u00e9alise pour vous un travail haut de gamme et artisanal \u00e0 l&rsquo;aide de diff\u00e9rents produits tels que des tirages sur papier Fine Art, des livres d&rsquo;art de grande qualit\u00e9 en terme de composition et de finition ou encore des cl\u00e9s USB personnalis\u00e9es pour stocker l&rsquo;ensemble des photographies.<br \/>\nToutes les photographies sont sauvegard\u00e9es sur un serveur pendant 12 mois. Un rappel vous sera envoy\u00e9 30 jours avant la suppression d\u00e9finitive.<br \/>\nEst inclus dans la prestation un acc\u00e8s priv\u00e9 \u00e0 votre galerie en ligne pour vous et vos proches afin de pouvoir \u00e9ventuellement commander de nouveaux tirages.<\/p>\n<p style=\"text-align: center;\"><img loading=\"lazy\" decoding=\"async\" src=\"http:\/\/www.franckmerlin.fr\/wp-content\/uploads\/2017\/09\/M69A4205-300x200.jpg\" alt=\"Livre de mariage - Franck MERLIN\" width=\"300\" height=\"200\"><img loading=\"lazy\" decoding=\"async\" src=\"http:\/\/www.franckmerlin.fr\/wp-content\/uploads\/2017\/09\/M69A4210-300x200.jpg\" alt=\"Livre de mariage - Franck MERLIN\" width=\"300\" height=\"200\"><\/p>\n<h1>Vos envies<\/h1>\n<p style=\"text-align: justify;\">Je vous propose, en fonction de votre besoin, les trois formules suivantes: une formule \u00ab\u00a0Petite journ\u00e9e\u00a0\u00bb, \u00ab\u00a0Journ\u00e9e enti\u00e8re\u00a0\u00bb ou encore \u00ab\u00a0Week-end\u00a0\u00bb, auxquelles vous pourrez ajouter les options qui vous feront plaisir.<\/p>\n<p style=\"text-align: justify;\">Pour plus de s\u00e9r\u00e9nit\u00e9, un contrat, entre vous et moi, est \u00e9tabli pour toute r\u00e9servation.<\/p>\n<hr>\n<h2>La formule <strong>Petite journ\u00e9e<\/strong><\/h2>\n<p>&#8211; La rencontre entre vous et moi pour discuter de vos envies et de vos attentes<br \/>\n&#8211; La recherche et la reconnaissance des lieux de prise de vues<br \/>\n&#8211; Autant d&rsquo;\u00e9changes par t\u00e9l\u00e9phone ou par mail qu&rsquo;il est n\u00e9cessaire pour l&rsquo;organisation de votre \u00e9v\u00e9nement<br \/>\n&#8211; Ma pr\u00e9sence \u00e0 votre mariage pour un maximum de 5h<br \/>\n&#8211; Mes frais de d\u00e9placement dans le d\u00e9partement du Maine et Loire<br \/>\n&#8211; La pr\u00e9sentation des photographies<br \/>\n&#8211; Un coffret prestige contenant:<\/p>\n<ul>\n<li><strong>6 tirages Fine Art<\/strong> au format A5 contre-coll\u00e9 sur carton<\/li>\n<li><strong>2 tirages Fine Art<\/strong> au format A4<\/li>\n<li><strong>plus de 200 photographies<\/strong> haute d\u00e9finition avec un traitement de qualit\u00e9<\/li>\n<li>un livre d&rsquo;\u00e9preuves<\/li>\n<li>une <strong>cl\u00e9 USB personnalis\u00e9e<\/strong> sur laquelle seront stock\u00e9s les fichiers num\u00e9riques<\/li>\n<li>un DVD de sauvegarde des fichiers num\u00e9riques<\/li>\n<\/ul>\n<p>&#8211; Une <strong>galerie priv\u00e9e<\/strong> en ligne pour vous et vos proches<br \/>\n&#8211; La sauvegarde de vos fichiers num\u00e9riques sur un serveur pendant 1 an<br \/>\n&#8211; La <strong>cession des droits<\/strong> sur tous les fichiers num\u00e9riques pour reproduction dans la limite du cadre priv\u00e9<\/p>\n<hr>\n<h2>La formule <strong>Journ\u00e9e enti\u00e8re<\/strong><\/h2>\n<p>Elle comprend en plus de la prestation Petite journ\u00e9e:<br \/>\n&#8211; Ma pr\u00e9sence \u00e0 votre mariage pour la journ\u00e9e enti\u00e8re jusqu&rsquo;\u00e0 1h apr\u00e8s l&rsquo;ouverture du bal<br \/>\n&#8211; <strong>12 tirages Fine Art<\/strong> au format A5 contre-coll\u00e9 sur carton<br \/>\n&#8211; <strong>4 tirages Fine Art<\/strong> au format A4<br \/>\n&#8211; <strong>plus de 400 photographies<\/strong> haute d\u00e9finition avec un traitement de qualit\u00e9<\/p>\n<hr>\n<h2>La formule <strong>Week-end<\/strong><\/h2>\n<p>Elle comprend en plus de la formule Journ\u00e9e enti\u00e8re, ma pr\u00e9sence pour 5h le lendemain.<\/p>\n<hr>\n<h2>Les prestations compl\u00e9mentaires<\/h2>\n<p>&#8211; Un reportage photo pour votre <strong>enterrement de vie<\/strong><br \/>\n&#8211; Une <strong>s\u00e9ance d&rsquo;engagement<\/strong> en toute d\u00e9tente<br \/>\n&#8211; Une <strong>s\u00e9ance en couple<\/strong> avant ou apr\u00e8s le mariage. L&rsquo;id\u00e9al \u00e9tant de r\u00e9aliser cette s\u00e9ance les jours qui suivent votre mariage<br \/>\n&#8211; Un <strong>livre d&rsquo;art<\/strong> dans un coffret de pr\u00e9sentation<br \/>\n&#8211; Une s\u00e9ance <strong>\u00ab\u00a0Trash the Dress\u00a0\u00bb<\/strong> pour finir en beaut\u00e9<br \/>\n&#8211; Des <strong>tirages sur papier Fine Art<\/strong> au format de votre choix<br \/>\n&#8211; Une cl\u00e9 USB ou DVD suppl\u00e9mentaire<br \/>\n&#8211; Les frais de d\u00e9placement hors du d\u00e9partement Maine et Loire<\/p>\n<p style=\"text-align: center;\"><strong>Sur <a href=\"http:\/\/www.franckmerlin.fr\/en\/contact\/\">simple demande<\/a>, je vous envoie la plaquette commerciale des prestations propos\u00e9es.<br \/>\nSi vous souhaitez une prestation sur-mesure, je r\u00e9alise pour vous un devis gratuit.<\/strong><\/p>\n<p><img loading=\"lazy\" decoding=\"async\" src=\"http:\/\/www.franckmerlin.fr\/wp-content\/uploads\/2016\/02\/book18__traits-1024x683.png\" alt=\"D art\" width=\"450\" height=\"300\" class=\"aligncenter size-large wp-image-1327\"><\/p>","protected":false},"excerpt":{"rendered":"<p>Les grands moments Avant le mariage, je vous propose de r\u00e9aliser ensemble une s\u00e9ance d\u00e9tendue pour apprendre \u00e0 se conna\u00eetre. Elle peut \u00eatre orient\u00e9e sur diff\u00e9rents<span class=\"excerpt-hellip\"> [\u2026]<\/span><\/p>\n","protected":false},"author":1,"featured_media":0,"parent":0,"menu_order":0,"comment_status":"closed","ping_status":"closed","template":"","meta":{"_exactmetrics_skip_tracking":false,"_exactmetrics_sitenote_active":false,"_exactmetrics_sitenote_note":"","_exactmetrics_sitenote_category":0,"ngg_post_thumbnail":0,"footnotes":""},"class_list":["post-8442","page","type-page","status-publish","hentry"],"yoast_head":"<!-- This site is optimized with the Yoast SEO plugin v27.4 - https:\/\/yoast.com\/product\/yoast-seo-wordpress\/ -->\n<title>Ma prestation de mariage - Franck Merlin Photographe<\/title>\n<meta name=\"robots\" content=\"index, follow, max-snippet:-1, max-image-preview:large, max-video-preview:-1\" \/>\n<link rel=\"canonical\" href=\"https:\/\/www.franckmerlin.fr\/en\/ma-prestation\/\" \/>\n<meta property=\"og:locale\" content=\"en_GB\" \/>\n<meta property=\"og:type\" content=\"article\" \/>\n<meta property=\"og:title\" content=\"Ma prestation de mariage - Franck Merlin Photographe\" \/>\n<meta property=\"og:description\" content=\"Les grands moments Avant le mariage, je vous propose de r\u00e9aliser ensemble une s\u00e9ance d\u00e9tendue pour apprendre \u00e0 se conna\u00eetre. Elle peut \u00eatre orient\u00e9e sur diff\u00e9rents [\u2026]\" \/>\n<meta property=\"og:url\" content=\"https:\/\/www.franckmerlin.fr\/en\/ma-prestation\/\" \/>\n<meta property=\"og:site_name\" content=\"Franck Merlin Photographe\" \/>\n<meta property=\"article:publisher\" content=\"https:\/\/www.facebook.com\/franck.merlin.photographe\" \/>\n<meta property=\"article:modified_time\" content=\"2024-03-03T10:31:20+00:00\" \/>\n<meta property=\"og:image\" content=\"http:\/\/www.franckmerlin.fr\/wp-content\/uploads\/2015\/12\/book24__traits-1024x772.png\" \/>\n<meta name=\"twitter:card\" content=\"summary_large_image\" \/>\n<meta name=\"twitter:site\" content=\"@franckpinpin\" \/>\n<meta name=\"twitter:label1\" content=\"Estimated reading time\" \/>\n\t<meta name=\"twitter:data1\" content=\"5 minutes\" \/>\n<script type=\"application\/ld+json\" class=\"yoast-schema-graph\">{\"@context\":\"https:\\\/\\\/schema.org\",\"@graph\":[{\"@type\":\"WebPage\",\"@id\":\"https:\\\/\\\/www.franckmerlin.fr\\\/ma-prestation\\\/\",\"url\":\"https:\\\/\\\/www.franckmerlin.fr\\\/ma-prestation\\\/\",\"name\":\"Ma prestation de mariage - Franck Merlin Photographe\",\"isPartOf\":{\"@id\":\"https:\\\/\\\/www.franckmerlin.fr\\\/#website\"},\"primaryImageOfPage\":{\"@id\":\"https:\\\/\\\/www.franckmerlin.fr\\\/ma-prestation\\\/#primaryimage\"},\"image\":{\"@id\":\"https:\\\/\\\/www.franckmerlin.fr\\\/ma-prestation\\\/#primaryimage\"},\"thumbnailUrl\":\"http:\\\/\\\/www.franckmerlin.fr\\\/wp-content\\\/uploads\\\/2015\\\/12\\\/book24__traits-1024x772.png\",\"datePublished\":\"2018-01-24T21:33:33+00:00\",\"dateModified\":\"2024-03-03T10:31:20+00:00\",\"breadcrumb\":{\"@id\":\"https:\\\/\\\/www.franckmerlin.fr\\\/ma-prestation\\\/#breadcrumb\"},\"inLanguage\":\"en-GB\",\"potentialAction\":[{\"@type\":\"ReadAction\",\"target\":[\"https:\\\/\\\/www.franckmerlin.fr\\\/ma-prestation\\\/\"]}]},{\"@type\":\"ImageObject\",\"inLanguage\":\"en-GB\",\"@id\":\"https:\\\/\\\/www.franckmerlin.fr\\\/ma-prestation\\\/#primaryimage\",\"url\":\"http:\\\/\\\/www.franckmerlin.fr\\\/wp-content\\\/uploads\\\/2015\\\/12\\\/book24__traits-1024x772.png\",\"contentUrl\":\"http:\\\/\\\/www.franckmerlin.fr\\\/wp-content\\\/uploads\\\/2015\\\/12\\\/book24__traits-1024x772.png\"},{\"@type\":\"BreadcrumbList\",\"@id\":\"https:\\\/\\\/www.franckmerlin.fr\\\/ma-prestation\\\/#breadcrumb\",\"itemListElement\":[{\"@type\":\"ListItem\",\"position\":1,\"name\":\"Accueil\",\"item\":\"https:\\\/\\\/www.franckmerlin.fr\\\/\"},{\"@type\":\"ListItem\",\"position\":2,\"name\":\"Ma prestation de mariage\"}]},{\"@type\":\"WebSite\",\"@id\":\"https:\\\/\\\/www.franckmerlin.fr\\\/#website\",\"url\":\"https:\\\/\\\/www.franckmerlin.fr\\\/\",\"name\":\"Franck Merlin Photographe\",\"description\":\"Des \u00e9motions dans des photos douces et lumineuses\",\"publisher\":{\"@id\":\"https:\\\/\\\/www.franckmerlin.fr\\\/#organization\"},\"potentialAction\":[{\"@type\":\"SearchAction\",\"target\":{\"@type\":\"EntryPoint\",\"urlTemplate\":\"https:\\\/\\\/www.franckmerlin.fr\\\/?s={search_term_string}\"},\"query-input\":{\"@type\":\"PropertyValueSpecification\",\"valueRequired\":true,\"valueName\":\"search_term_string\"}}],\"inLanguage\":\"en-GB\"},{\"@type\":\"Organization\",\"@id\":\"https:\\\/\\\/www.franckmerlin.fr\\\/#organization\",\"name\":\"Franck Merlin Photographie\",\"url\":\"https:\\\/\\\/www.franckmerlin.fr\\\/\",\"logo\":{\"@type\":\"ImageObject\",\"inLanguage\":\"en-GB\",\"@id\":\"https:\\\/\\\/www.franckmerlin.fr\\\/#\\\/schema\\\/logo\\\/image\\\/\",\"url\":\"https:\\\/\\\/www.franckmerlin.fr\\\/wp-content\\\/uploads\\\/2015\\\/12\\\/logo_1000x1000_n_sur_bc.jpg\",\"contentUrl\":\"https:\\\/\\\/www.franckmerlin.fr\\\/wp-content\\\/uploads\\\/2015\\\/12\\\/logo_1000x1000_n_sur_bc.jpg\",\"width\":1000,\"height\":1000,\"caption\":\"Franck Merlin Photographie\"},\"image\":{\"@id\":\"https:\\\/\\\/www.franckmerlin.fr\\\/#\\\/schema\\\/logo\\\/image\\\/\"},\"sameAs\":[\"https:\\\/\\\/www.facebook.com\\\/franck.merlin.photographe\",\"https:\\\/\\\/x.com\\\/franckpinpin\",\"https:\\\/\\\/fr.pinterest.com\\\/franckmerlin\\\/\"]}]}<\/script>\n<!-- \/ Yoast SEO plugin. -->","yoast_head_json":{"title":"Ma prestation de mariage - Franck Merlin Photographe","robots":{"index":"index","follow":"follow","max-snippet":"max-snippet:-1","max-image-preview":"max-image-preview:large","max-video-preview":"max-video-preview:-1"},"canonical":"https:\/\/www.franckmerlin.fr\/en\/ma-prestation\/","og_locale":"en_GB","og_type":"article","og_title":"Ma prestation de mariage - Franck Merlin Photographe","og_description":"Les grands moments Avant le mariage, je vous propose de r\u00e9aliser ensemble une s\u00e9ance d\u00e9tendue pour apprendre \u00e0 se conna\u00eetre. Elle peut \u00eatre orient\u00e9e sur diff\u00e9rents [\u2026]","og_url":"https:\/\/www.franckmerlin.fr\/en\/ma-prestation\/","og_site_name":"Franck Merlin Photographe","article_publisher":"https:\/\/www.facebook.com\/franck.merlin.photographe","article_modified_time":"2024-03-03T10:31:20+00:00","og_image":[{"url":"http:\/\/www.franckmerlin.fr\/wp-content\/uploads\/2015\/12\/book24__traits-1024x772.png","type":"","width":"","height":""}],"twitter_card":"summary_large_image","twitter_site":"@franckpinpin","twitter_misc":{"Estimated reading time":"5 minutes"},"schema":{"@context":"https:\/\/schema.org","@graph":[{"@type":"WebPage","@id":"https:\/\/www.franckmerlin.fr\/ma-prestation\/","url":"https:\/\/www.franckmerlin.fr\/ma-prestation\/","name":"Ma prestation de mariage - Franck Merlin Photographe","isPartOf":{"@id":"https:\/\/www.franckmerlin.fr\/#website"},"primaryImageOfPage":{"@id":"https:\/\/www.franckmerlin.fr\/ma-prestation\/#primaryimage"},"image":{"@id":"https:\/\/www.franckmerlin.fr\/ma-prestation\/#primaryimage"},"thumbnailUrl":"http:\/\/www.franckmerlin.fr\/wp-content\/uploads\/2015\/12\/book24__traits-1024x772.png","datePublished":"2018-01-24T21:33:33+00:00","dateModified":"2024-03-03T10:31:20+00:00","breadcrumb":{"@id":"https:\/\/www.franckmerlin.fr\/ma-prestation\/#breadcrumb"},"inLanguage":"en-GB","potentialAction":[{"@type":"ReadAction","target":["https:\/\/www.franckmerlin.fr\/ma-prestation\/"]}]},{"@type":"ImageObject","inLanguage":"en-GB","@id":"https:\/\/www.franckmerlin.fr\/ma-prestation\/#primaryimage","url":"http:\/\/www.franckmerlin.fr\/wp-content\/uploads\/2015\/12\/book24__traits-1024x772.png","contentUrl":"http:\/\/www.franckmerlin.fr\/wp-content\/uploads\/2015\/12\/book24__traits-1024x772.png"},{"@type":"BreadcrumbList","@id":"https:\/\/www.franckmerlin.fr\/ma-prestation\/#breadcrumb","itemListElement":[{"@type":"ListItem","position":1,"name":"Accueil","item":"https:\/\/www.franckmerlin.fr\/"},{"@type":"ListItem","position":2,"name":"Ma prestation de mariage"}]},{"@type":"WebSite","@id":"https:\/\/www.franckmerlin.fr\/#website","url":"https:\/\/www.franckmerlin.fr\/","name":"Franck Merlin Photographe","description":"Des \u00e9motions dans des photos douces et lumineuses","publisher":{"@id":"https:\/\/www.franckmerlin.fr\/#organization"},"potentialAction":[{"@type":"SearchAction","target":{"@type":"EntryPoint","urlTemplate":"https:\/\/www.franckmerlin.fr\/?s={search_term_string}"},"query-input":{"@type":"PropertyValueSpecification","valueRequired":true,"valueName":"search_term_string"}}],"inLanguage":"en-GB"},{"@type":"Organization","@id":"https:\/\/www.franckmerlin.fr\/#organization","name":"Franck Merlin Photographie","url":"https:\/\/www.franckmerlin.fr\/","logo":{"@type":"ImageObject","inLanguage":"en-GB","@id":"https:\/\/www.franckmerlin.fr\/#\/schema\/logo\/image\/","url":"https:\/\/www.franckmerlin.fr\/wp-content\/uploads\/2015\/12\/logo_1000x1000_n_sur_bc.jpg","contentUrl":"https:\/\/www.franckmerlin.fr\/wp-content\/uploads\/2015\/12\/logo_1000x1000_n_sur_bc.jpg","width":1000,"height":1000,"caption":"Franck Merlin Photographie"},"image":{"@id":"https:\/\/www.franckmerlin.fr\/#\/schema\/logo\/image\/"},"sameAs":["https:\/\/www.facebook.com\/franck.merlin.photographe","https:\/\/x.com\/franckpinpin","https:\/\/fr.pinterest.com\/franckmerlin\/"]}]}},"_links":{"self":[{"href":"https:\/\/www.franckmerlin.fr\/en\/wp-json\/wp\/v2\/pages\/8442","targetHints":{"allow":["GET"]}}],"collection":[{"href":"https:\/\/www.franckmerlin.fr\/en\/wp-json\/wp\/v2\/pages"}],"about":[{"href":"https:\/\/www.franckmerlin.fr\/en\/wp-json\/wp\/v2\/types\/page"}],"author":[{"embeddable":true,"href":"https:\/\/www.franckmerlin.fr\/en\/wp-json\/wp\/v2\/users\/1"}],"replies":[{"embeddable":true,"href":"https:\/\/www.franckmerlin.fr\/en\/wp-json\/wp\/v2\/comments?post=8442"}],"version-history":[{"count":1,"href":"https:\/\/www.franckmerlin.fr\/en\/wp-json\/wp\/v2\/pages\/8442\/revisions"}],"predecessor-version":[{"id":20099,"href":"https:\/\/www.franckmerlin.fr\/en\/wp-json\/wp\/v2\/pages\/8442\/revisions\/20099"}],"wp:attachment":[{"href":"https:\/\/www.franckmerlin.fr\/en\/wp-json\/wp\/v2\/media?parent=8442"}],"curies":[{"name":"wp","href":"https:\/\/api.w.org\/{rel}","templated":true}]}}