{"id":493,"date":"2015-12-08T16:11:26","date_gmt":"2015-12-08T15:11:26","guid":{"rendered":"http:\/\/www.franckmerlin.fr\/?page_id=493"},"modified":"2023-07-02T14:41:12","modified_gmt":"2023-07-02T13:41:12","slug":"espace-clients","status":"publish","type":"page","link":"https:\/\/www.franckmerlin.fr\/en\/espace-clients\/","title":{"rendered":"Espace clients"},"content":{"rendered":"<p class=\"has-text-align-center\"><strong>To access the old galleries, follow this <a href=\"https:\/\/www.franckmerlin.fr\/en\/category\/espace-client\/\">link<\/a>.<\/strong><\/p>\n\n\n<div id=\"pl-gb493-69e02ee8accb2\"  class=\"panel-layout\" ><div id=\"pg-gb493-69e02ee8accb2-0\"  class=\"panel-grid panel-no-style\" ><div id=\"pgc-gb493-69e02ee8accb2-0-0\"  class=\"panel-grid-cell\" ><div id=\"panel-gb493-69e02ee8accb2-0-0-0\" class=\"so-panel widget widget_text panel-first-child panel-last-child\" data-index=\"0\" >\t\t\t<div class=\"textwidget\"><p><script src='https:\/\/pictimecloudaf-m.azureedge.net\/pictures\/scripts\/compiled\/artgalleryembed.js'><\/script><iframe frameborder='0' id='pictimeIntegration' src='https:\/\/franckmerlinphotographe.pic-time.com\/client?headless=true' style='width:100%;height:100%'><\/iframe><\/p>\n<\/div>\n\t\t<\/div><\/div><\/div><\/div>","protected":false},"excerpt":{"rendered":"<p>Pour acc\u00e9der aux pr\u00e9c\u00e9dentes galeries, suivre ce lien.<\/p>","protected":false},"author":1,"featured_media":0,"parent":0,"menu_order":0,"comment_status":"closed","ping_status":"closed","template":"","meta":{"_exactmetrics_skip_tracking":false,"_exactmetrics_sitenote_active":false,"_exactmetrics_sitenote_note":"","_exactmetrics_sitenote_category":0,"ngg_post_thumbnail":0,"footnotes":""},"class_list":["post-493","page","type-page","status-publish","hentry"],"yoast_head":"<!-- This site is optimized with the Yoast SEO plugin v27.4 - https:\/\/yoast.com\/product\/yoast-seo-wordpress\/ -->\n<title>Espace clients - Franck Merlin Photographe<\/title>\n<meta name=\"robots\" content=\"index, follow, max-snippet:-1, max-image-preview:large, max-video-preview:-1\" \/>\n<link rel=\"canonical\" href=\"https:\/\/www.franckmerlin.fr\/en\/espace-clients\/\" \/>\n<meta property=\"og:locale\" content=\"en_GB\" \/>\n<meta property=\"og:type\" content=\"article\" \/>\n<meta property=\"og:title\" content=\"Espace clients - Franck Merlin Photographe\" \/>\n<meta property=\"og:description\" content=\"Pour acc\u00e9der aux pr\u00e9c\u00e9dentes galeries, suivre ce lien.\" \/>\n<meta property=\"og:url\" content=\"https:\/\/www.franckmerlin.fr\/en\/espace-clients\/\" \/>\n<meta property=\"og:site_name\" content=\"Franck Merlin Photographe\" \/>\n<meta property=\"article:publisher\" content=\"https:\/\/www.facebook.com\/franck.merlin.photographe\" \/>\n<meta property=\"article:modified_time\" content=\"2023-07-02T13:41:12+00:00\" \/>\n<meta name=\"twitter:card\" content=\"summary_large_image\" \/>\n<meta name=\"twitter:site\" content=\"@franckpinpin\" \/>\n<meta name=\"twitter:label1\" content=\"Estimated reading time\" \/>\n\t<meta name=\"twitter:data1\" content=\"1 minute\" \/>\n<script type=\"application\/ld+json\" class=\"yoast-schema-graph\">{\"@context\":\"https:\\\/\\\/schema.org\",\"@graph\":[{\"@type\":\"WebPage\",\"@id\":\"https:\\\/\\\/www.franckmerlin.fr\\\/espace-clients\\\/\",\"url\":\"https:\\\/\\\/www.franckmerlin.fr\\\/espace-clients\\\/\",\"name\":\"Espace clients - Franck Merlin Photographe\",\"isPartOf\":{\"@id\":\"https:\\\/\\\/www.franckmerlin.fr\\\/#website\"},\"datePublished\":\"2015-12-08T15:11:26+00:00\",\"dateModified\":\"2023-07-02T13:41:12+00:00\",\"breadcrumb\":{\"@id\":\"https:\\\/\\\/www.franckmerlin.fr\\\/espace-clients\\\/#breadcrumb\"},\"inLanguage\":\"en-GB\",\"potentialAction\":[{\"@type\":\"ReadAction\",\"target\":[\"https:\\\/\\\/www.franckmerlin.fr\\\/espace-clients\\\/\"]}]},{\"@type\":\"BreadcrumbList\",\"@id\":\"https:\\\/\\\/www.franckmerlin.fr\\\/espace-clients\\\/#breadcrumb\",\"itemListElement\":[{\"@type\":\"ListItem\",\"position\":1,\"name\":\"Accueil\",\"item\":\"https:\\\/\\\/www.franckmerlin.fr\\\/\"},{\"@type\":\"ListItem\",\"position\":2,\"name\":\"Espace clients\"}]},{\"@type\":\"WebSite\",\"@id\":\"https:\\\/\\\/www.franckmerlin.fr\\\/#website\",\"url\":\"https:\\\/\\\/www.franckmerlin.fr\\\/\",\"name\":\"Franck Merlin Photographe\",\"description\":\"Des \u00e9motions dans des photos douces et lumineuses\",\"publisher\":{\"@id\":\"https:\\\/\\\/www.franckmerlin.fr\\\/#organization\"},\"potentialAction\":[{\"@type\":\"SearchAction\",\"target\":{\"@type\":\"EntryPoint\",\"urlTemplate\":\"https:\\\/\\\/www.franckmerlin.fr\\\/?s={search_term_string}\"},\"query-input\":{\"@type\":\"PropertyValueSpecification\",\"valueRequired\":true,\"valueName\":\"search_term_string\"}}],\"inLanguage\":\"en-GB\"},{\"@type\":\"Organization\",\"@id\":\"https:\\\/\\\/www.franckmerlin.fr\\\/#organization\",\"name\":\"Franck Merlin Photographie\",\"url\":\"https:\\\/\\\/www.franckmerlin.fr\\\/\",\"logo\":{\"@type\":\"ImageObject\",\"inLanguage\":\"en-GB\",\"@id\":\"https:\\\/\\\/www.franckmerlin.fr\\\/#\\\/schema\\\/logo\\\/image\\\/\",\"url\":\"https:\\\/\\\/www.franckmerlin.fr\\\/wp-content\\\/uploads\\\/2015\\\/12\\\/logo_1000x1000_n_sur_bc.jpg\",\"contentUrl\":\"https:\\\/\\\/www.franckmerlin.fr\\\/wp-content\\\/uploads\\\/2015\\\/12\\\/logo_1000x1000_n_sur_bc.jpg\",\"width\":1000,\"height\":1000,\"caption\":\"Franck Merlin Photographie\"},\"image\":{\"@id\":\"https:\\\/\\\/www.franckmerlin.fr\\\/#\\\/schema\\\/logo\\\/image\\\/\"},\"sameAs\":[\"https:\\\/\\\/www.facebook.com\\\/franck.merlin.photographe\",\"https:\\\/\\\/x.com\\\/franckpinpin\",\"https:\\\/\\\/fr.pinterest.com\\\/franckmerlin\\\/\"]}]}<\/script>\n<!-- \/ Yoast SEO plugin. -->","yoast_head_json":{"title":"Espace clients - Franck Merlin Photographe","robots":{"index":"index","follow":"follow","max-snippet":"max-snippet:-1","max-image-preview":"max-image-preview:large","max-video-preview":"max-video-preview:-1"},"canonical":"https:\/\/www.franckmerlin.fr\/en\/espace-clients\/","og_locale":"en_GB","og_type":"article","og_title":"Espace clients - Franck Merlin Photographe","og_description":"Pour acc\u00e9der aux pr\u00e9c\u00e9dentes galeries, suivre ce lien.","og_url":"https:\/\/www.franckmerlin.fr\/en\/espace-clients\/","og_site_name":"Franck Merlin Photographe","article_publisher":"https:\/\/www.facebook.com\/franck.merlin.photographe","article_modified_time":"2023-07-02T13:41:12+00:00","twitter_card":"summary_large_image","twitter_site":"@franckpinpin","twitter_misc":{"Estimated reading time":"1 minute"},"schema":{"@context":"https:\/\/schema.org","@graph":[{"@type":"WebPage","@id":"https:\/\/www.franckmerlin.fr\/espace-clients\/","url":"https:\/\/www.franckmerlin.fr\/espace-clients\/","name":"Espace clients - Franck Merlin Photographe","isPartOf":{"@id":"https:\/\/www.franckmerlin.fr\/#website"},"datePublished":"2015-12-08T15:11:26+00:00","dateModified":"2023-07-02T13:41:12+00:00","breadcrumb":{"@id":"https:\/\/www.franckmerlin.fr\/espace-clients\/#breadcrumb"},"inLanguage":"en-GB","potentialAction":[{"@type":"ReadAction","target":["https:\/\/www.franckmerlin.fr\/espace-clients\/"]}]},{"@type":"BreadcrumbList","@id":"https:\/\/www.franckmerlin.fr\/espace-clients\/#breadcrumb","itemListElement":[{"@type":"ListItem","position":1,"name":"Accueil","item":"https:\/\/www.franckmerlin.fr\/"},{"@type":"ListItem","position":2,"name":"Espace clients"}]},{"@type":"WebSite","@id":"https:\/\/www.franckmerlin.fr\/#website","url":"https:\/\/www.franckmerlin.fr\/","name":"Franck Merlin Photographe","description":"Des \u00e9motions dans des photos douces et lumineuses","publisher":{"@id":"https:\/\/www.franckmerlin.fr\/#organization"},"potentialAction":[{"@type":"SearchAction","target":{"@type":"EntryPoint","urlTemplate":"https:\/\/www.franckmerlin.fr\/?s={search_term_string}"},"query-input":{"@type":"PropertyValueSpecification","valueRequired":true,"valueName":"search_term_string"}}],"inLanguage":"en-GB"},{"@type":"Organization","@id":"https:\/\/www.franckmerlin.fr\/#organization","name":"Franck Merlin Photographie","url":"https:\/\/www.franckmerlin.fr\/","logo":{"@type":"ImageObject","inLanguage":"en-GB","@id":"https:\/\/www.franckmerlin.fr\/#\/schema\/logo\/image\/","url":"https:\/\/www.franckmerlin.fr\/wp-content\/uploads\/2015\/12\/logo_1000x1000_n_sur_bc.jpg","contentUrl":"https:\/\/www.franckmerlin.fr\/wp-content\/uploads\/2015\/12\/logo_1000x1000_n_sur_bc.jpg","width":1000,"height":1000,"caption":"Franck Merlin Photographie"},"image":{"@id":"https:\/\/www.franckmerlin.fr\/#\/schema\/logo\/image\/"},"sameAs":["https:\/\/www.facebook.com\/franck.merlin.photographe","https:\/\/x.com\/franckpinpin","https:\/\/fr.pinterest.com\/franckmerlin\/"]}]}},"_links":{"self":[{"href":"https:\/\/www.franckmerlin.fr\/en\/wp-json\/wp\/v2\/pages\/493","targetHints":{"allow":["GET"]}}],"collection":[{"href":"https:\/\/www.franckmerlin.fr\/en\/wp-json\/wp\/v2\/pages"}],"about":[{"href":"https:\/\/www.franckmerlin.fr\/en\/wp-json\/wp\/v2\/types\/page"}],"author":[{"embeddable":true,"href":"https:\/\/www.franckmerlin.fr\/en\/wp-json\/wp\/v2\/users\/1"}],"replies":[{"embeddable":true,"href":"https:\/\/www.franckmerlin.fr\/en\/wp-json\/wp\/v2\/comments?post=493"}],"version-history":[{"count":15,"href":"https:\/\/www.franckmerlin.fr\/en\/wp-json\/wp\/v2\/pages\/493\/revisions"}],"predecessor-version":[{"id":23339,"href":"https:\/\/www.franckmerlin.fr\/en\/wp-json\/wp\/v2\/pages\/493\/revisions\/23339"}],"wp:attachment":[{"href":"https:\/\/www.franckmerlin.fr\/en\/wp-json\/wp\/v2\/media?parent=493"}],"curies":[{"name":"wp","href":"https:\/\/api.w.org\/{rel}","templated":true}]}}