{"id":342,"date":"2015-12-02T10:26:56","date_gmt":"2015-12-02T09:26:56","guid":{"rendered":"http:\/\/www.franckmerlin.fr\/?page_id=342"},"modified":"2019-03-25T16:16:41","modified_gmt":"2019-03-25T15:16:41","slug":"foire-aux-questions-des-maries","status":"publish","type":"page","link":"https:\/\/www.franckmerlin.fr\/en\/foire-aux-questions-des-maries\/","title":{"rendered":"Les questions des mari\u00e9s"},"content":{"rendered":"<p style=\"text-align: justify;\">\u2013 Why choose a professional photographer?<br \/>\nMany photographers answer this question, and for cause... We could write whole pages on this subject, but to keep it succinct, here are some arguments that will allow the bride and groom to answer for themselves.<\/p>\n<ul>\n<li>\n<p style=\"text-align: justify;\"><strong>The cost<\/strong> \u2013 The first idea that comes naturally is the question of price. Since marriage is a big budget, every expense has to be reflected. The budget devoted to the photographer is only, on average, 7%! Needless to say, the photographs will be the only souvenirs of this unique event. It would be a pity to realize this small economy! I also invite you to read the following question that details the content of the prices.<\/p>\n<\/li>\n<li>\n<p style=\"text-align: justify;\"><strong>The experience<\/strong> \u2013 Unlike the friend or cousin who has a reflex and who you would like to ask him about this heavy task which is to immortalize this beautiful day besides not having a single moment to enjoy it, the professional photographer will know Anticipate, position in the right places, adapt the correct settings quickly, and remain available and discreet throughout the day.<\/p>\n<\/li>\n<li>\n<p style=\"text-align: justify;\"><strong>Technical baggage<\/strong> \u2013 Owning the best material in the world is not enough to make beautiful pictures! It is essential to master the manual mode, the light in all situations, to adapt to any environment even the darkest, and to know its material on the fingertips. It is the same for the post-processing part that requires hundreds of hours of practice.<\/p>\n<\/li>\n<li>\n<p style=\"text-align: justify;\"><strong>The material<\/strong> \u2013 A simple question: not to mention high-end hardware, does your friend or cousin have two reflexes? It is not enough to have a memory card and a spare battery. Any conscientious photographer must have at least two reflexes that allow to be reactive and above all to the level of any problem or breakdown possible.<\/p>\n<\/li>\n<li>\n<p style=\"text-align: justify;\"><strong>The products<\/strong> \u2013 By being professional, the photographer works with laboratories to which individuals do not have access. It can offer you digital books or other prints of outstanding quality. Remember that only your photo book or your prints will remain to remind you of this beautiful wedding.<br \/>\nThe memory of your day is at stake...<\/p>\n<\/li>\n<\/ul>\n<hr \/>\n<p style=\"text-align: justify;\">\u2013 We opted for your benefits, but what justifies the rate?<br \/>\nThe price includes the various preparations, the hours of shooting, the work done in post processing, but also the products that make up the box, the cost of the material (usually the total value of the material is equivalent to the price A small new car!), travel expenses in the department, not forgetting the tax and social charges.<\/p>\n<hr \/>\n<p style=\"text-align: justify;\">-What is the deposit amount?<br \/>\nA deposit of 30% of the value of the quotation is requested at the time of the signing of the contract.<\/p>\n<hr \/>\n<p style=\"text-align: justify;\">\u2013 Who will come on my wedding day?<br \/>\nWorking alone, I will be your only interlocutor and therefore the only person present at your wedding.<\/p>\n<hr \/>\n<p style=\"text-align: justify;\">\u2013 How many pictures do you take?<br \/>\nIt all depends on the benefits you choose. In general, it takes between 30 and 50 photographs per hour of attendance.<\/p>\n<hr \/>\n<p style=\"text-align: justify;\">\u2013 Do you touch up the photos?<br \/>\nI edit very rarely images. Each photograph is developed to adjust the light, the contrast, the framing, the white balance, ...<\/p>\n<hr \/>\n<p style=\"text-align: justify;\">\u2013 How will we receive our photos?<br \/>\nThe photos will be given to you on a USB key. Some additional paper prints will be attached to the presentation box. All photographs are saved on a server for 1 year. A private gallery is also available.<\/p>\n<hr \/>\n<p style=\"text-align: justify;\">\u2013 Can we have a DVD of the pictures?<br \/>\nThere is no DVD in the presentation box. However, you can order a DVD or a USB key for your surroundings for example.<\/p>\n<hr \/>\n<p style=\"text-align: justify;\">\u2013 When will we see our pictures?<br \/>\nIt takes a minimum of 15 days after the day of taking pictures so that the post-processing work as well as the prints are made.<\/p>\n<hr \/>\n<p style=\"text-align: justify;\">\u2013 In the performance, it is stipulated that the photographer assigns the photographs with the rights. Can we use them as we like?<br \/>\nNot. You can reproduce and use photographs only in a private setting. Any commercial use is subject to an agreement with the photographer and the bride and groom.<\/p>\n<hr \/>\n<p style=\"text-align: justify;\">\u2013 Can the photographer use the pictures of the newlyweds he has taken, without our agreement?<br \/>\nYes and No. As long as the person on the picture is not identifiable or is a public place and you are not the main subject, the photographer does not need your consent. On the other hand, it is imperative to obtain the agreement of the Brides (agreement present in the marriage contract) to use the photographs in order to illustrate its website or to make commercial brochures.<\/p>\n<hr \/>\n<p style=\"text-align: justify;\">\u2013 Can we print our photos?<br \/>\nSince the pictures are royalty-free, in a private setting, you can print as many photographs as you want.<\/p>\n<hr \/>\n<p style=\"text-align: justify;\">\u2013 Do we have to meet before?<br \/>\nIt is inconceivable to me that you can choose a photographer without meeting him!<\/p>\n<hr \/>\n<p style=\"text-align: justify;\">\u2013 When do you need to book?<br \/>\nJust like the other providers of your marriage, the sooner the better, one year being the ideal, especially for the high periods between May and September.<\/p>\n<hr \/>\n<p style=\"text-align: justify;\">\u2013 Are you moving?<br \/>\nI move without any worries according to your needs for an additional fee if any.<\/p>\n<hr \/>\n<p style=\"text-align: justify;\">\u2013 Is it possible to make a digital book several months after our wedding?<br \/>\nSince I keep your photographs for one year, you can quite ask me to make a digital book after the fact.<\/p>\n<hr \/>\n<p style=\"text-align: justify;\">\u2013 What photo material do you use during a wedding day? If your case fails, do you have a backup box?<br \/>\nI work with the Canon brand. I use two boxes including a full format, as well as some Canon professional lenses of the range \"L\".<\/p>\n<hr \/>\n<p style=\"text-align: justify;\">\u2013 If the weather is rainy, where do the wedding photos?<br \/>\nIf this is a couple session that happens before or after, the schedule can be flexible. Otherwise there is always a solution to find covered public places, a courtyard, the old house of an uncle or why not do the pictures in the rain!<\/p>\n<hr \/>\n<p style=\"text-align: justify;\">\u2013 What if our questions don't find answers here?<br \/>\nYou can use and abuse <a href=\"http:\/\/www.franckmerlin.fr\/en\/contact\/\">the contact page<\/a> where you will find all the means to reach me. The appointment remains the most effective way to build your project together through your desires, your questions, my advice and my experience.<\/p>\n<hr \/>\n<p style=\"text-align: justify;\">\u2013 How do I contact you?<br \/>\nThe most effective way is the phone but you can also send me emails or SMS. You will find all my details on the <a href=\"http:\/\/www.franckmerlin.fr\/en\/contact\/\">contact page<\/a>.<\/p>","protected":false},"excerpt":{"rendered":"<p>&#8211; Pourquoi choisir un photographe professionnel ? De nombreux photographes r\u00e9pondent \u00e0 cette question, et pour cause&#8230; On pourrait \u00e9crire des pages enti\u00e8res sur ce sujet,<span class=\"excerpt-hellip\"> [\u2026]<\/span><\/p>\n","protected":false},"author":1,"featured_media":0,"parent":0,"menu_order":0,"comment_status":"closed","ping_status":"closed","template":"","meta":{"_exactmetrics_skip_tracking":false,"_exactmetrics_sitenote_active":false,"_exactmetrics_sitenote_note":"","_exactmetrics_sitenote_category":0,"ngg_post_thumbnail":0,"footnotes":""},"class_list":["post-342","page","type-page","status-publish","hentry"],"yoast_head":"<!-- This site is optimized with the Yoast SEO plugin v27.4 - https:\/\/yoast.com\/product\/yoast-seo-wordpress\/ -->\n<title>Les questions des mari\u00e9s - Franck Merlin Photographe<\/title>\n<meta name=\"robots\" content=\"index, follow, max-snippet:-1, max-image-preview:large, max-video-preview:-1\" \/>\n<link rel=\"canonical\" href=\"https:\/\/www.franckmerlin.fr\/en\/foire-aux-questions-des-maries\/\" \/>\n<meta property=\"og:locale\" content=\"en_GB\" \/>\n<meta property=\"og:type\" content=\"article\" \/>\n<meta property=\"og:title\" content=\"Les questions des mari\u00e9s - Franck Merlin Photographe\" \/>\n<meta property=\"og:description\" content=\"&#8211; Pourquoi choisir un photographe professionnel ? De nombreux photographes r\u00e9pondent \u00e0 cette question, et pour cause&#8230; On pourrait \u00e9crire des pages enti\u00e8res sur ce sujet, [\u2026]\" \/>\n<meta property=\"og:url\" content=\"https:\/\/www.franckmerlin.fr\/en\/foire-aux-questions-des-maries\/\" \/>\n<meta property=\"og:site_name\" content=\"Franck Merlin Photographe\" \/>\n<meta property=\"article:publisher\" content=\"https:\/\/www.facebook.com\/franck.merlin.photographe\" \/>\n<meta property=\"article:modified_time\" content=\"2019-03-25T15:16:41+00:00\" \/>\n<meta name=\"twitter:card\" content=\"summary_large_image\" \/>\n<meta name=\"twitter:site\" content=\"@franckpinpin\" \/>\n<meta name=\"twitter:label1\" content=\"Estimated reading time\" \/>\n\t<meta name=\"twitter:data1\" content=\"6 minutes\" \/>\n<script type=\"application\/ld+json\" class=\"yoast-schema-graph\">{\"@context\":\"https:\\\/\\\/schema.org\",\"@graph\":[{\"@type\":\"WebPage\",\"@id\":\"https:\\\/\\\/www.franckmerlin.fr\\\/foire-aux-questions-des-maries\\\/\",\"url\":\"https:\\\/\\\/www.franckmerlin.fr\\\/foire-aux-questions-des-maries\\\/\",\"name\":\"Les questions des mari\u00e9s - Franck Merlin Photographe\",\"isPartOf\":{\"@id\":\"https:\\\/\\\/www.franckmerlin.fr\\\/#website\"},\"datePublished\":\"2015-12-02T09:26:56+00:00\",\"dateModified\":\"2019-03-25T15:16:41+00:00\",\"breadcrumb\":{\"@id\":\"https:\\\/\\\/www.franckmerlin.fr\\\/foire-aux-questions-des-maries\\\/#breadcrumb\"},\"inLanguage\":\"en-GB\",\"potentialAction\":[{\"@type\":\"ReadAction\",\"target\":[\"https:\\\/\\\/www.franckmerlin.fr\\\/foire-aux-questions-des-maries\\\/\"]}]},{\"@type\":\"BreadcrumbList\",\"@id\":\"https:\\\/\\\/www.franckmerlin.fr\\\/foire-aux-questions-des-maries\\\/#breadcrumb\",\"itemListElement\":[{\"@type\":\"ListItem\",\"position\":1,\"name\":\"Accueil\",\"item\":\"https:\\\/\\\/www.franckmerlin.fr\\\/\"},{\"@type\":\"ListItem\",\"position\":2,\"name\":\"Les questions des mari\u00e9s\"}]},{\"@type\":\"WebSite\",\"@id\":\"https:\\\/\\\/www.franckmerlin.fr\\\/#website\",\"url\":\"https:\\\/\\\/www.franckmerlin.fr\\\/\",\"name\":\"Franck Merlin Photographe\",\"description\":\"Des \u00e9motions dans des photos douces et lumineuses\",\"publisher\":{\"@id\":\"https:\\\/\\\/www.franckmerlin.fr\\\/#organization\"},\"potentialAction\":[{\"@type\":\"SearchAction\",\"target\":{\"@type\":\"EntryPoint\",\"urlTemplate\":\"https:\\\/\\\/www.franckmerlin.fr\\\/?s={search_term_string}\"},\"query-input\":{\"@type\":\"PropertyValueSpecification\",\"valueRequired\":true,\"valueName\":\"search_term_string\"}}],\"inLanguage\":\"en-GB\"},{\"@type\":\"Organization\",\"@id\":\"https:\\\/\\\/www.franckmerlin.fr\\\/#organization\",\"name\":\"Franck Merlin Photographie\",\"url\":\"https:\\\/\\\/www.franckmerlin.fr\\\/\",\"logo\":{\"@type\":\"ImageObject\",\"inLanguage\":\"en-GB\",\"@id\":\"https:\\\/\\\/www.franckmerlin.fr\\\/#\\\/schema\\\/logo\\\/image\\\/\",\"url\":\"https:\\\/\\\/www.franckmerlin.fr\\\/wp-content\\\/uploads\\\/2015\\\/12\\\/logo_1000x1000_n_sur_bc.jpg\",\"contentUrl\":\"https:\\\/\\\/www.franckmerlin.fr\\\/wp-content\\\/uploads\\\/2015\\\/12\\\/logo_1000x1000_n_sur_bc.jpg\",\"width\":1000,\"height\":1000,\"caption\":\"Franck Merlin Photographie\"},\"image\":{\"@id\":\"https:\\\/\\\/www.franckmerlin.fr\\\/#\\\/schema\\\/logo\\\/image\\\/\"},\"sameAs\":[\"https:\\\/\\\/www.facebook.com\\\/franck.merlin.photographe\",\"https:\\\/\\\/x.com\\\/franckpinpin\",\"https:\\\/\\\/fr.pinterest.com\\\/franckmerlin\\\/\"]}]}<\/script>\n<!-- \/ Yoast SEO plugin. -->","yoast_head_json":{"title":"Les questions des mari\u00e9s - Franck Merlin Photographe","robots":{"index":"index","follow":"follow","max-snippet":"max-snippet:-1","max-image-preview":"max-image-preview:large","max-video-preview":"max-video-preview:-1"},"canonical":"https:\/\/www.franckmerlin.fr\/en\/foire-aux-questions-des-maries\/","og_locale":"en_GB","og_type":"article","og_title":"Les questions des mari\u00e9s - Franck Merlin Photographe","og_description":"&#8211; Pourquoi choisir un photographe professionnel ? De nombreux photographes r\u00e9pondent \u00e0 cette question, et pour cause&#8230; On pourrait \u00e9crire des pages enti\u00e8res sur ce sujet, [\u2026]","og_url":"https:\/\/www.franckmerlin.fr\/en\/foire-aux-questions-des-maries\/","og_site_name":"Franck Merlin Photographe","article_publisher":"https:\/\/www.facebook.com\/franck.merlin.photographe","article_modified_time":"2019-03-25T15:16:41+00:00","twitter_card":"summary_large_image","twitter_site":"@franckpinpin","twitter_misc":{"Estimated reading time":"6 minutes"},"schema":{"@context":"https:\/\/schema.org","@graph":[{"@type":"WebPage","@id":"https:\/\/www.franckmerlin.fr\/foire-aux-questions-des-maries\/","url":"https:\/\/www.franckmerlin.fr\/foire-aux-questions-des-maries\/","name":"Les questions des mari\u00e9s - Franck Merlin Photographe","isPartOf":{"@id":"https:\/\/www.franckmerlin.fr\/#website"},"datePublished":"2015-12-02T09:26:56+00:00","dateModified":"2019-03-25T15:16:41+00:00","breadcrumb":{"@id":"https:\/\/www.franckmerlin.fr\/foire-aux-questions-des-maries\/#breadcrumb"},"inLanguage":"en-GB","potentialAction":[{"@type":"ReadAction","target":["https:\/\/www.franckmerlin.fr\/foire-aux-questions-des-maries\/"]}]},{"@type":"BreadcrumbList","@id":"https:\/\/www.franckmerlin.fr\/foire-aux-questions-des-maries\/#breadcrumb","itemListElement":[{"@type":"ListItem","position":1,"name":"Accueil","item":"https:\/\/www.franckmerlin.fr\/"},{"@type":"ListItem","position":2,"name":"Les questions des mari\u00e9s"}]},{"@type":"WebSite","@id":"https:\/\/www.franckmerlin.fr\/#website","url":"https:\/\/www.franckmerlin.fr\/","name":"Franck Merlin Photographe","description":"Des \u00e9motions dans des photos douces et lumineuses","publisher":{"@id":"https:\/\/www.franckmerlin.fr\/#organization"},"potentialAction":[{"@type":"SearchAction","target":{"@type":"EntryPoint","urlTemplate":"https:\/\/www.franckmerlin.fr\/?s={search_term_string}"},"query-input":{"@type":"PropertyValueSpecification","valueRequired":true,"valueName":"search_term_string"}}],"inLanguage":"en-GB"},{"@type":"Organization","@id":"https:\/\/www.franckmerlin.fr\/#organization","name":"Franck Merlin Photographie","url":"https:\/\/www.franckmerlin.fr\/","logo":{"@type":"ImageObject","inLanguage":"en-GB","@id":"https:\/\/www.franckmerlin.fr\/#\/schema\/logo\/image\/","url":"https:\/\/www.franckmerlin.fr\/wp-content\/uploads\/2015\/12\/logo_1000x1000_n_sur_bc.jpg","contentUrl":"https:\/\/www.franckmerlin.fr\/wp-content\/uploads\/2015\/12\/logo_1000x1000_n_sur_bc.jpg","width":1000,"height":1000,"caption":"Franck Merlin Photographie"},"image":{"@id":"https:\/\/www.franckmerlin.fr\/#\/schema\/logo\/image\/"},"sameAs":["https:\/\/www.facebook.com\/franck.merlin.photographe","https:\/\/x.com\/franckpinpin","https:\/\/fr.pinterest.com\/franckmerlin\/"]}]}},"_links":{"self":[{"href":"https:\/\/www.franckmerlin.fr\/en\/wp-json\/wp\/v2\/pages\/342","targetHints":{"allow":["GET"]}}],"collection":[{"href":"https:\/\/www.franckmerlin.fr\/en\/wp-json\/wp\/v2\/pages"}],"about":[{"href":"https:\/\/www.franckmerlin.fr\/en\/wp-json\/wp\/v2\/types\/page"}],"author":[{"embeddable":true,"href":"https:\/\/www.franckmerlin.fr\/en\/wp-json\/wp\/v2\/users\/1"}],"replies":[{"embeddable":true,"href":"https:\/\/www.franckmerlin.fr\/en\/wp-json\/wp\/v2\/comments?post=342"}],"version-history":[{"count":0,"href":"https:\/\/www.franckmerlin.fr\/en\/wp-json\/wp\/v2\/pages\/342\/revisions"}],"wp:attachment":[{"href":"https:\/\/www.franckmerlin.fr\/en\/wp-json\/wp\/v2\/media?parent=342"}],"curies":[{"name":"wp","href":"https:\/\/api.w.org\/{rel}","templated":true}]}}